{"id":573,"date":"2022-02-24T18:08:31","date_gmt":"2022-02-24T17:08:31","guid":{"rendered":"https:\/\/www.movo.bz\/dott-martin-oberhammer\/"},"modified":"2022-03-24T14:07:15","modified_gmt":"2022-03-24T13:07:15","slug":"dott-martin-oberhammer","status":"publish","type":"page","link":"https:\/\/www.movo.bz\/it\/team\/dott-martin-oberhammer\/","title":{"rendered":"Dott. Martin Oberhammer"},"content":{"rendered":"\n<style type=\"text\/css\" data-created_by=\"avia_inline_auto\" id=\"style-css-av-n8un4-a1fe4c95391a1346234fccd499d74836\">\n.flex_column.av-n8un4-a1fe4c95391a1346234fccd499d74836{\n-webkit-border-radius:0px 0px 0px 0px;\n-moz-border-radius:0px 0px 0px 0px;\nborder-radius:0px 0px 0px 0px;\npadding:0px 0px 0px 0px;\n}\n<\/style>\n<div class='flex_column av-n8un4-a1fe4c95391a1346234fccd499d74836 av_two_fifth  avia-builder-el-0  el_before_av_two_fifth  avia-builder-el-first  first flex_column_div av-zero-column-padding '     ><style type=\"text\/css\" data-created_by=\"avia_inline_auto\" id=\"style-css-av-l018n1rq-26939325af6df059c2e265a907e4901f\">\n.avia-image-container.av-l018n1rq-26939325af6df059c2e265a907e4901f img.avia_image{\nbox-shadow:none;\n}\n.avia-image-container.av-l018n1rq-26939325af6df059c2e265a907e4901f .av-image-caption-overlay-center{\ncolor:#ffffff;\n}\n<\/style>\n<div  class='avia-image-container av-l018n1rq-26939325af6df059c2e265a907e4901f av-styling- avia-align-center  avia-builder-el-1  avia-builder-el-no-sibling '   itemprop=\"image\" itemscope=\"itemscope\" itemtype=\"https:\/\/schema.org\/ImageObject\" ><div class=\"avia-image-container-inner\"><div class=\"avia-image-overlay-wrap\"><img decoding=\"async\" class='wp-image-459 avia-img-lazy-loading-not-459 avia_image ' src=\"https:\/\/www.movo.bz\/wp-content\/uploads\/2022\/02\/IMG_2212korr.jpg\" alt='Dott. Oberhammer Brunico MOVO' title='Dott. Martin Oberhammer'  height=\"845\" width=\"684\"  itemprop=\"thumbnailUrl\" srcset=\"https:\/\/www.movo.bz\/wp-content\/uploads\/2022\/02\/IMG_2212korr.jpg 684w, https:\/\/www.movo.bz\/wp-content\/uploads\/2022\/02\/IMG_2212korr-243x300.jpg 243w, https:\/\/www.movo.bz\/wp-content\/uploads\/2022\/02\/IMG_2212korr-571x705.jpg 571w\" sizes=\"(max-width: 684px) 100vw, 684px\" \/><\/div><\/div><\/div><\/div>\n\n<style type=\"text\/css\" data-created_by=\"avia_inline_auto\" id=\"style-css-av-ggm7c-f882fd1121666df58eeec80103b550dd\">\n.flex_column.av-ggm7c-f882fd1121666df58eeec80103b550dd{\n-webkit-border-radius:0px 0px 0px 0px;\n-moz-border-radius:0px 0px 0px 0px;\nborder-radius:0px 0px 0px 0px;\npadding:0px 0px 0px 0px;\n}\n<\/style>\n<div class='flex_column av-ggm7c-f882fd1121666df58eeec80103b550dd av_two_fifth  avia-builder-el-2  el_after_av_two_fifth  avia-builder-el-last  flex_column_div av-zero-column-padding '     ><p>\n<style type=\"text\/css\" data-created_by=\"avia_inline_auto\" id=\"style-css-av-l018np4q-cb9e7e1291eb11cb321828932aeaeab8\">\n#top .av-special-heading.av-l018np4q-cb9e7e1291eb11cb321828932aeaeab8{\npadding-bottom:10px;\n}\nbody .av-special-heading.av-l018np4q-cb9e7e1291eb11cb321828932aeaeab8 .av-special-heading-tag .heading-char{\nfont-size:25px;\n}\n.av-special-heading.av-l018np4q-cb9e7e1291eb11cb321828932aeaeab8 .av-subheading{\nfont-size:15px;\n}\n<\/style>\n<div  class='av-special-heading av-l018np4q-cb9e7e1291eb11cb321828932aeaeab8 av-special-heading-h3  avia-builder-el-3  el_before_av_hr  avia-builder-el-first '><h3 class='av-special-heading-tag'  itemprop=\"headline\"  >Dott. Martin Oberhammer<\/h3><div class=\"special-heading-border\"><div class=\"special-heading-inner-border\"><\/div><\/div><\/div><br \/>\n<div  class='hr av-6vmg8-79a85a4b5ce9da561305d3e1d1ce0a93 hr-default  avia-builder-el-4  el_after_av_heading  el_before_av_textblock '><span class='hr-inner '><span class=\"hr-inner-style\"><\/span><\/span><\/div><br \/>\n<section  class='av_textblock_section av-l018otlw-f746ce540d93be253514782ee433c6aa'  itemscope=\"itemscope\" itemtype=\"https:\/\/schema.org\/CreativeWork\" ><div class='avia_textblock'  itemprop=\"text\" ><p><span data-contrast=\"auto\">Classe 1976, Laurea in Economia e Commercio a Innsbruck. Dal 2009, previo conseguimento dell\u2019Esame di Stato a Trento, \u00e8 iscritto all\u2019Ordine dei Dottori Commercialisti e nel Registro dei Revisori Legali.<\/span><span data-ccp-props=\"{\"201341983\":0,\"335559740\":259}\">\u00a0<\/span><\/p>\n<p><span data-contrast=\"auto\">Il Dott. Martin Oberhammer ha maturato molti anni di esperienza, \u00e8 membro del collegio sindacale e Revisore Legale in societ\u00e0 di capitali di diverse dimensioni e settori e fornisce una consulenza completa a societ\u00e0 di persone e di capitali in tutte le questioni tributarie e fiscali.<\/span><span data-ccp-props=\"{\"201341983\":0,\"335559740\":259}\">\u00a0<\/span><\/p>\n<p><span class=\"TextRun SCXW210021184 BCX0\" lang=\"DE-DE\" xml:lang=\"DE-DE\" data-contrast=\"auto\"><span class=\"NormalTextRun SpellingErrorV2 SCXW210021184 BCX0\">Oltre<\/span><span class=\"NormalTextRun SCXW210021184 BCX0\"> alle<\/span> <span class=\"NormalTextRun SpellingErrorV2 SCXW210021184 BCX0\">suddette<\/span> <span class=\"NormalTextRun SpellingErrorV2 SCXW210021184 BCX0\">principali<\/span> <span class=\"NormalTextRun SpellingErrorV2 SCXW210021184 BCX0\">aree<\/span><span class=\"NormalTextRun SCXW210021184 BCX0\"> di <\/span><span class=\"NormalTextRun SpellingErrorV2 SCXW210021184 BCX0\">attivit\u00e0<\/span><span class=\"NormalTextRun SCXW210021184 BCX0\">, <\/span><span class=\"NormalTextRun SpellingErrorV2 SCXW210021184 BCX0\">il<\/span> <span class=\"NormalTextRun SpellingErrorV2 SCXW210021184 BCX0\">suo<\/span> <span class=\"NormalTextRun SpellingErrorV2 SCXW210021184 BCX0\">focus<\/span><span class=\"NormalTextRun SCXW210021184 BCX0\"> \u00e8<\/span> <span class=\"NormalTextRun SpellingErrorV2 SCXW210021184 BCX0\">incentrato<\/span> <span class=\"NormalTextRun SpellingErrorV2 SCXW210021184 BCX0\">su<\/span><span class=\"NormalTextRun SCXW210021184 BCX0\">:<\/span><\/span><span class=\"EOP SCXW210021184 BCX0\" data-ccp-props=\"{\"201341983\":0,\"335559740\":259}\">\u00a0<\/span><\/p>\n<ul>\n<li><span class=\"TextRun SCXW66500262 BCX0\" lang=\"DE-DE\" xml:lang=\"DE-DE\" data-contrast=\"auto\"><span class=\"NormalTextRun SpellingErrorV2 SCXW66500262 BCX0\">Diritto<\/span> <span class=\"NormalTextRun SpellingErrorV2 SCXW66500262 BCX0\">tributario<\/span> <span class=\"NormalTextRun SpellingErrorV2 SCXW66500262 BCX0\">nazionale<\/span><span class=\"NormalTextRun SCXW66500262 BCX0\"> e <\/span><span class=\"NormalTextRun SpellingErrorV2 SCXW66500262 BCX0\">sull\u2019imposta<\/span><span class=\"NormalTextRun SCXW66500262 BCX0\"> sul <\/span><span class=\"NormalTextRun SpellingErrorV2 SCXW66500262 BCX0\">valore<\/span> <span class=\"NormalTextRun SpellingErrorV2 SCXW66500262 BCX0\">aggiunto<\/span><\/span><span class=\"EOP SCXW66500262 BCX0\" data-ccp-props=\"{\"201341983\":0,\"335559739\":160,\"335559740\":259}\">\u00a0<\/span><\/li>\n<li><span class=\"TextRun SCXW144359895 BCX0\" lang=\"DE-DE\" xml:lang=\"DE-DE\" data-contrast=\"auto\"><span class=\"NormalTextRun SpellingErrorV2 SCXW144359895 BCX0\">Diritto<\/span> <span class=\"NormalTextRun SpellingErrorV2 SCXW144359895 BCX0\">tributario<\/span> <span class=\"NormalTextRun SpellingErrorV2 SCXW144359895 BCX0\">internazionale<\/span><span class=\"NormalTextRun SCXW144359895 BCX0\">, stabile <\/span><span class=\"NormalTextRun SpellingErrorV2 SCXW144359895 BCX0\">organizzazione<\/span><span class=\"NormalTextRun SCXW144359895 BCX0\"> e <\/span><span class=\"NormalTextRun SpellingErrorV2 SCXW144359895 BCX0\">costituzione<\/span><span class=\"NormalTextRun SCXW144359895 BCX0\"> di <\/span><span class=\"NormalTextRun SpellingErrorV2 SCXW144359895 BCX0\">societ\u00e0<\/span> <span class=\"NormalTextRun SpellingErrorV2 SCXW144359895 BCX0\">sussidiarie<\/span><\/span><span class=\"EOP SCXW144359895 BCX0\" data-ccp-props=\"{\"201341983\":0,\"335559739\":160,\"335559740\":259}\">\u00a0<\/span><\/li>\n<li><span class=\"TextRun SCXW170055623 BCX0\" lang=\"DE-DE\" xml:lang=\"DE-DE\" data-contrast=\"auto\"><span class=\"NormalTextRun SpellingErrorV2 SCXW170055623 BCX0\">Bilanci<\/span><span class=\"NormalTextRun SCXW170055623 BCX0\"> e <\/span><span class=\"NormalTextRun SpellingErrorV2 SCXW170055623 BCX0\">analisi<\/span><span class=\"NormalTextRun SCXW170055623 BCX0\"> di bilancio<\/span><\/span><span class=\"EOP SCXW170055623 BCX0\" data-ccp-props=\"{\"201341983\":0,\"335559739\":160,\"335559740\":259}\">\u00a0<\/span><\/li>\n<li><span class=\"TextRun SCXW239967476 BCX0\" lang=\"DE-DE\" xml:lang=\"DE-DE\" data-contrast=\"auto\"><span class=\"NormalTextRun SpellingErrorV2 SCXW239967476 BCX0\">Diritto<\/span> <span class=\"NormalTextRun SpellingErrorV2 SCXW239967476 BCX0\">societario<\/span><span class=\"NormalTextRun SCXW239967476 BCX0\"> e <\/span><span class=\"NormalTextRun SpellingErrorV2 SCXW239967476 BCX0\">supporto<\/span> <span class=\"NormalTextRun SpellingErrorV2 SCXW239967476 BCX0\">allo<\/span> <span class=\"NormalTextRun SpellingErrorV2 SCXW239967476 BCX0\">sviluppo<\/span> <span class=\"NormalTextRun SpellingErrorV2 SCXW239967476 BCX0\">aziendale<\/span><\/span><span class=\"EOP SCXW239967476 BCX0\" data-ccp-props=\"{\"201341983\":0,\"335559739\":160,\"335559740\":259}\">\u00a0<\/span><\/li>\n<li><span class=\"TextRun SCXW59066713 BCX0\" lang=\"DE-DE\" xml:lang=\"DE-DE\" data-contrast=\"auto\"><span class=\"NormalTextRun SpellingErrorV2 SCXW59066713 BCX0\">Consulenza<\/span><span class=\"NormalTextRun SCXW59066713 BCX0\"> alle <\/span><span class=\"NormalTextRun SpellingErrorV2 SCXW59066713 BCX0\">aziende<\/span> <span class=\"NormalTextRun SpellingErrorV2 SCXW59066713 BCX0\">nel<\/span> <span class=\"NormalTextRun SpellingErrorV2 SCXW59066713 BCX0\">settore<\/span><span class=\"NormalTextRun SCXW59066713 BCX0\"> d<\/span><span class=\"NormalTextRun SCXW59066713 BCX0\">elle <\/span><span class=\"NormalTextRun SpellingErrorV2 SCXW59066713 BCX0\">energie<\/span> <span class=\"NormalTextRun SpellingErrorV2 SCXW59066713 BCX0\">rinnovabili<\/span><\/span><span class=\"EOP SCXW59066713 BCX0\" data-ccp-props=\"{\"201341983\":0,\"335559739\":160,\"335559740\":259}\">\u00a0<\/span><\/li>\n<\/ul>\n<p><span class=\"TextRun SCXW238794126 BCX0\" lang=\"DE-DE\" xml:lang=\"DE-DE\" data-contrast=\"auto\"><span class=\"NormalTextRun SCXW238794126 BCX0\">La sua <\/span><span class=\"NormalTextRun SpellingErrorV2 SCXW238794126 BCX0\">visione<\/span> <span class=\"NormalTextRun SpellingErrorV2 SCXW238794126 BCX0\">mira<\/span><span class=\"NormalTextRun SCXW238794126 BCX0\"> a<\/span><span class=\"NormalTextRun SCXW238794126 BCX0\">d <\/span><span class=\"NormalTextRun SpellingErrorV2 SCXW238794126 BCX0\">una<\/span> <span class=\"NormalTextRun SpellingErrorV2 SCXW238794126 BCX0\">consulenza<\/span> <span class=\"NormalTextRun SpellingErrorV2 SCXW238794126 BCX0\">completa<\/span><span class=\"NormalTextRun SCXW238794126 BCX0\">.<\/span><\/span><span class=\"EOP SCXW238794126 BCX0\" data-ccp-props=\"{\"201341983\":0,\"335559740\":259}\">\u00a0<\/span><\/p>\n<p><span class=\"TextRun SCXW229556831 BCX0\" lang=\"DE-DE\" xml:lang=\"DE-DE\" data-contrast=\"auto\"><span class=\"NormalTextRun SCXW229556831 BCX0\">\u201cIl <\/span><span class=\"NormalTextRun SpellingErrorV2 SCXW229556831 BCX0\">focus<\/span> <span class=\"NormalTextRun SpellingErrorV2 SCXW229556831 BCX0\">deve<\/span> <span class=\"NormalTextRun SpellingErrorV2 SCXW229556831 BCX0\">essere<\/span> <span class=\"NormalTextRun SpellingErrorV2 SCXW229556831 BCX0\">rivolto<\/span><span class=\"NormalTextRun SCXW229556831 BCX0\"> all<\/span><span class=\"NormalTextRun SCXW229556831 BCX0\">a<\/span> <span class=\"NormalTextRun SpellingErrorV2 SCXW229556831 BCX0\">person<\/span><span class=\"NormalTextRun SpellingErrorV2 SCXW229556831 BCX0\">a<\/span> <span class=\"NormalTextRun SpellingErrorV2 SCXW229556831 BCX0\">con<\/span><span class=\"NormalTextRun SCXW229556831 BCX0\"> la <\/span><span class=\"NormalTextRun SCXW229556831 BCX0\">sua<\/span> <span class=\"NormalTextRun SCXW229556831 BCX0\">personale <\/span><span class=\"NormalTextRun SpellingErrorV2 SCXW229556831 BCX0\">situazione<\/span> <span class=\"NormalTextRun SpellingErrorV2 SCXW229556831 BCX0\">fiscale<\/span> <span class=\"NormalTextRun SpellingErrorV2 SCXW229556831 BCX0\">e<\/span><span class=\"NormalTextRun SpellingErrorV2 SCXW229556831 BCX0\">d<\/span> <span class=\"NormalTextRun SpellingErrorV2 SCXW229556831 BCX0\">economica<\/span><span class=\"NormalTextRun SCXW229556831 BCX0\"> e <\/span><span class=\"NormalTextRun SCXW229556831 BCX0\">le relative <\/span><span class=\"NormalTextRun SpellingErrorV2 SCXW229556831 BCX0\">problem<\/span><span class=\"NormalTextRun SpellingErrorV2 SCXW229556831 BCX0\">atiche<\/span><span class=\"NormalTextRun SCXW229556831 BCX0\">.<\/span><span class=\"NormalTextRun SCXW229556831 BCX0\">\u00a0<\/span> <span class=\"NormalTextRun SpellingErrorV2 SCXW229556831 BCX0\">Noi<\/span> <span class=\"NormalTextRun SpellingErrorV2 SCXW229556831 BCX0\">s<\/span><span class=\"NormalTextRun SpellingErrorV2 SCXW229556831 BCX0\">vilupperemo<\/span><span class=\"NormalTextRun SCXW229556831 BCX0\"> i <\/span><span class=\"NormalTextRun SpellingErrorV2 SCXW229556831 BCX0\">piani<\/span> <span class=\"NormalTextRun SpellingErrorV2 SCXW229556831 BCX0\">d&#8217;azione<\/span> <span class=\"NormalTextRun SCXW229556831 BCX0\">pi\u00f9 <\/span><span class=\"NormalTextRun SpellingErrorV2 SCXW229556831 BCX0\">appropriati<\/span><span class=\"NormalTextRun SCXW229556831 BCX0\">&#8220;.<\/span><\/span><span class=\"EOP SCXW229556831 BCX0\" data-ccp-props=\"{\"201341983\":0,\"335559740\":259}\">\u00a0<\/span><\/p>\n<p>Tel.: +39 0474 646 171<\/p>\n<p>E-Mail: <a href=\"mailto:martin.oberhammer@movo.bz\" target=\"_blank\" rel=\"noopener\">martin.oberhammer@movo.bz<\/a><\/p>\n<\/div><\/section><\/p><\/div>\n","protected":false},"excerpt":{"rendered":"","protected":false},"author":1,"featured_media":0,"parent":564,"menu_order":0,"comment_status":"closed","ping_status":"closed","template":"","meta":{"footnotes":""},"yoast_head":"<!-- This site is optimized with the Yoast SEO plugin v23.4 - https:\/\/yoast.com\/wordpress\/plugins\/seo\/ -->\n<title>Dott. Martin Oberhammer - Movo Wirtschaftsberater Steuerberater Bruneck<\/title>\n<meta name=\"robots\" content=\"index, follow, max-snippet:-1, max-image-preview:large, max-video-preview:-1\" \/>\n<link rel=\"canonical\" href=\"https:\/\/www.movo.bz\/it\/team\/dott-martin-oberhammer\/\" \/>\n<meta property=\"og:locale\" content=\"it_IT\" \/>\n<meta property=\"og:type\" content=\"article\" \/>\n<meta property=\"og:title\" content=\"Dott. Martin Oberhammer - Movo Wirtschaftsberater Steuerberater Bruneck\" \/>\n<meta property=\"og:url\" content=\"https:\/\/www.movo.bz\/it\/team\/dott-martin-oberhammer\/\" \/>\n<meta property=\"og:site_name\" content=\"Movo Wirtschaftsberater Steuerberater Bruneck\" \/>\n<meta property=\"article:modified_time\" content=\"2022-03-24T13:07:15+00:00\" \/>\n<meta name=\"twitter:card\" content=\"summary_large_image\" \/>\n<meta name=\"twitter:label1\" content=\"Tempo di lettura stimato\" \/>\n\t<meta name=\"twitter:data1\" content=\"3 minuti\" \/>\n<script type=\"application\/ld+json\" class=\"yoast-schema-graph\">{\"@context\":\"https:\/\/schema.org\",\"@graph\":[{\"@type\":\"WebPage\",\"@id\":\"https:\/\/www.movo.bz\/it\/team\/dott-martin-oberhammer\/\",\"url\":\"https:\/\/www.movo.bz\/it\/team\/dott-martin-oberhammer\/\",\"name\":\"Dott. Martin Oberhammer - Movo Wirtschaftsberater Steuerberater Bruneck\",\"isPartOf\":{\"@id\":\"https:\/\/www.movo.bz\/#website\"},\"datePublished\":\"2022-02-24T17:08:31+00:00\",\"dateModified\":\"2022-03-24T13:07:15+00:00\",\"breadcrumb\":{\"@id\":\"https:\/\/www.movo.bz\/it\/team\/dott-martin-oberhammer\/#breadcrumb\"},\"inLanguage\":\"it-IT\",\"potentialAction\":[{\"@type\":\"ReadAction\",\"target\":[\"https:\/\/www.movo.bz\/it\/team\/dott-martin-oberhammer\/\"]}]},{\"@type\":\"BreadcrumbList\",\"@id\":\"https:\/\/www.movo.bz\/it\/team\/dott-martin-oberhammer\/#breadcrumb\",\"itemListElement\":[{\"@type\":\"ListItem\",\"position\":1,\"name\":\"Startseite\",\"item\":\"https:\/\/www.movo.bz\/it\/home\/\"},{\"@type\":\"ListItem\",\"position\":2,\"name\":\"Team\",\"item\":\"https:\/\/www.movo.bz\/it\/team\/\"},{\"@type\":\"ListItem\",\"position\":3,\"name\":\"Dott. Martin Oberhammer\"}]},{\"@type\":\"WebSite\",\"@id\":\"https:\/\/www.movo.bz\/#website\",\"url\":\"https:\/\/www.movo.bz\/\",\"name\":\"Movo Wirtschaftsberater Steuerberater Bruneck\",\"description\":\"Dr. Martin Oberhammer | Dr. Valentin Oberhollenzer\",\"publisher\":{\"@id\":\"https:\/\/www.movo.bz\/#organization\"},\"potentialAction\":[{\"@type\":\"SearchAction\",\"target\":{\"@type\":\"EntryPoint\",\"urlTemplate\":\"https:\/\/www.movo.bz\/?s={search_term_string}\"},\"query-input\":{\"@type\":\"PropertyValueSpecification\",\"valueRequired\":true,\"valueName\":\"search_term_string\"}}],\"inLanguage\":\"it-IT\"},{\"@type\":\"Organization\",\"@id\":\"https:\/\/www.movo.bz\/#organization\",\"name\":\"Movo Wirtschaftsberater Steuerberater Bruneck\",\"url\":\"https:\/\/www.movo.bz\/\",\"logo\":{\"@type\":\"ImageObject\",\"inLanguage\":\"it-IT\",\"@id\":\"https:\/\/www.movo.bz\/#\/schema\/logo\/image\/\",\"url\":\"https:\/\/www.movo.bz\/wp-content\/uploads\/2021\/09\/Movo_logo_gruen_500.png\",\"contentUrl\":\"https:\/\/www.movo.bz\/wp-content\/uploads\/2021\/09\/Movo_logo_gruen_500.png\",\"width\":500,\"height\":133,\"caption\":\"Movo Wirtschaftsberater Steuerberater Bruneck\"},\"image\":{\"@id\":\"https:\/\/www.movo.bz\/#\/schema\/logo\/image\/\"}}]}<\/script>\n<!-- \/ Yoast SEO plugin. -->","yoast_head_json":{"title":"Dott. Martin Oberhammer - Movo Wirtschaftsberater Steuerberater Bruneck","robots":{"index":"index","follow":"follow","max-snippet":"max-snippet:-1","max-image-preview":"max-image-preview:large","max-video-preview":"max-video-preview:-1"},"canonical":"https:\/\/www.movo.bz\/it\/team\/dott-martin-oberhammer\/","og_locale":"it_IT","og_type":"article","og_title":"Dott. Martin Oberhammer - Movo Wirtschaftsberater Steuerberater Bruneck","og_url":"https:\/\/www.movo.bz\/it\/team\/dott-martin-oberhammer\/","og_site_name":"Movo Wirtschaftsberater Steuerberater Bruneck","article_modified_time":"2022-03-24T13:07:15+00:00","twitter_card":"summary_large_image","twitter_misc":{"Tempo di lettura stimato":"3 minuti"},"schema":{"@context":"https:\/\/schema.org","@graph":[{"@type":"WebPage","@id":"https:\/\/www.movo.bz\/it\/team\/dott-martin-oberhammer\/","url":"https:\/\/www.movo.bz\/it\/team\/dott-martin-oberhammer\/","name":"Dott. Martin Oberhammer - Movo Wirtschaftsberater Steuerberater Bruneck","isPartOf":{"@id":"https:\/\/www.movo.bz\/#website"},"datePublished":"2022-02-24T17:08:31+00:00","dateModified":"2022-03-24T13:07:15+00:00","breadcrumb":{"@id":"https:\/\/www.movo.bz\/it\/team\/dott-martin-oberhammer\/#breadcrumb"},"inLanguage":"it-IT","potentialAction":[{"@type":"ReadAction","target":["https:\/\/www.movo.bz\/it\/team\/dott-martin-oberhammer\/"]}]},{"@type":"BreadcrumbList","@id":"https:\/\/www.movo.bz\/it\/team\/dott-martin-oberhammer\/#breadcrumb","itemListElement":[{"@type":"ListItem","position":1,"name":"Startseite","item":"https:\/\/www.movo.bz\/it\/home\/"},{"@type":"ListItem","position":2,"name":"Team","item":"https:\/\/www.movo.bz\/it\/team\/"},{"@type":"ListItem","position":3,"name":"Dott. Martin Oberhammer"}]},{"@type":"WebSite","@id":"https:\/\/www.movo.bz\/#website","url":"https:\/\/www.movo.bz\/","name":"Movo Wirtschaftsberater Steuerberater Bruneck","description":"Dr. Martin Oberhammer | Dr. Valentin Oberhollenzer","publisher":{"@id":"https:\/\/www.movo.bz\/#organization"},"potentialAction":[{"@type":"SearchAction","target":{"@type":"EntryPoint","urlTemplate":"https:\/\/www.movo.bz\/?s={search_term_string}"},"query-input":{"@type":"PropertyValueSpecification","valueRequired":true,"valueName":"search_term_string"}}],"inLanguage":"it-IT"},{"@type":"Organization","@id":"https:\/\/www.movo.bz\/#organization","name":"Movo Wirtschaftsberater Steuerberater Bruneck","url":"https:\/\/www.movo.bz\/","logo":{"@type":"ImageObject","inLanguage":"it-IT","@id":"https:\/\/www.movo.bz\/#\/schema\/logo\/image\/","url":"https:\/\/www.movo.bz\/wp-content\/uploads\/2021\/09\/Movo_logo_gruen_500.png","contentUrl":"https:\/\/www.movo.bz\/wp-content\/uploads\/2021\/09\/Movo_logo_gruen_500.png","width":500,"height":133,"caption":"Movo Wirtschaftsberater Steuerberater Bruneck"},"image":{"@id":"https:\/\/www.movo.bz\/#\/schema\/logo\/image\/"}}]}},"_links":{"self":[{"href":"https:\/\/www.movo.bz\/it\/wp-json\/wp\/v2\/pages\/573"}],"collection":[{"href":"https:\/\/www.movo.bz\/it\/wp-json\/wp\/v2\/pages"}],"about":[{"href":"https:\/\/www.movo.bz\/it\/wp-json\/wp\/v2\/types\/page"}],"author":[{"embeddable":true,"href":"https:\/\/www.movo.bz\/it\/wp-json\/wp\/v2\/users\/1"}],"replies":[{"embeddable":true,"href":"https:\/\/www.movo.bz\/it\/wp-json\/wp\/v2\/comments?post=573"}],"version-history":[{"count":11,"href":"https:\/\/www.movo.bz\/it\/wp-json\/wp\/v2\/pages\/573\/revisions"}],"predecessor-version":[{"id":774,"href":"https:\/\/www.movo.bz\/it\/wp-json\/wp\/v2\/pages\/573\/revisions\/774"}],"up":[{"embeddable":true,"href":"https:\/\/www.movo.bz\/it\/wp-json\/wp\/v2\/pages\/564"}],"wp:attachment":[{"href":"https:\/\/www.movo.bz\/it\/wp-json\/wp\/v2\/media?parent=573"}],"curies":[{"name":"wp","href":"https:\/\/api.w.org\/{rel}","templated":true}]}}