{"id":578,"date":"2022-02-24T18:12:51","date_gmt":"2022-02-24T17:12:51","guid":{"rendered":"https:\/\/www.movo.bz\/dott-valentin-oberhollenzer\/"},"modified":"2022-10-12T15:48:22","modified_gmt":"2022-10-12T13:48:22","slug":"dott-valentin-oberhollenzer","status":"publish","type":"page","link":"https:\/\/www.movo.bz\/it\/dott-valentin-oberhollenzer\/","title":{"rendered":"Dott. Valentin Oberhollenzer"},"content":{"rendered":"\n<style type=\"text\/css\" data-created_by=\"avia_inline_auto\" id=\"style-css-av-n4l3i-fdc49f1ec6fcb8aca3748d7829604638\">\n.flex_column.av-n4l3i-fdc49f1ec6fcb8aca3748d7829604638{\n-webkit-border-radius:0px 0px 0px 0px;\n-moz-border-radius:0px 0px 0px 0px;\nborder-radius:0px 0px 0px 0px;\npadding:0px 0px 0px 0px;\n}\n<\/style>\n<div class='flex_column av-n4l3i-fdc49f1ec6fcb8aca3748d7829604638 av_two_fifth  avia-builder-el-0  el_before_av_two_fifth  avia-builder-el-first  first flex_column_div av-zero-column-padding '     ><style type=\"text\/css\" data-created_by=\"avia_inline_auto\" id=\"style-css-av-l018t2dn-bf625ad2f5d0913778559b3b59e4b4b2\">\n.avia-image-container.av-l018t2dn-bf625ad2f5d0913778559b3b59e4b4b2 img.avia_image{\nbox-shadow:none;\n}\n.avia-image-container.av-l018t2dn-bf625ad2f5d0913778559b3b59e4b4b2 .av-image-caption-overlay-center{\ncolor:#ffffff;\n}\n<\/style>\n<div  class='avia-image-container av-l018t2dn-bf625ad2f5d0913778559b3b59e4b4b2 av-styling- avia-align-center  avia-builder-el-1  avia-builder-el-no-sibling '   itemprop=\"image\" itemscope=\"itemscope\" itemtype=\"https:\/\/schema.org\/ImageObject\" ><div class=\"avia-image-container-inner\"><div class=\"avia-image-overlay-wrap\"><img decoding=\"async\" class='wp-image-497 avia-img-lazy-loading-not-497 avia_image ' src=\"https:\/\/www.movo.bz\/wp-content\/uploads\/2022\/03\/IMG_2287_korr2.jpg\" alt='Oberhollenzer Valentin' title='Valentin Oberhollenzer'  height=\"845\" width=\"684\"  itemprop=\"thumbnailUrl\" srcset=\"https:\/\/www.movo.bz\/wp-content\/uploads\/2022\/03\/IMG_2287_korr2.jpg 684w, https:\/\/www.movo.bz\/wp-content\/uploads\/2022\/03\/IMG_2287_korr2-243x300.jpg 243w, https:\/\/www.movo.bz\/wp-content\/uploads\/2022\/03\/IMG_2287_korr2-571x705.jpg 571w\" sizes=\"(max-width: 684px) 100vw, 684px\" \/><\/div><\/div><\/div><\/div>\n\n<style type=\"text\/css\" data-created_by=\"avia_inline_auto\" id=\"style-css-av-gst92-2a9848146496801f497204d1cf440ef2\">\n.flex_column.av-gst92-2a9848146496801f497204d1cf440ef2{\n-webkit-border-radius:0px 0px 0px 0px;\n-moz-border-radius:0px 0px 0px 0px;\nborder-radius:0px 0px 0px 0px;\npadding:0px 0px 0px 0px;\n}\n<\/style>\n<div class='flex_column av-gst92-2a9848146496801f497204d1cf440ef2 av_two_fifth  avia-builder-el-2  el_after_av_two_fifth  avia-builder-el-last  flex_column_div av-zero-column-padding '     ><p>\n<style type=\"text\/css\" data-created_by=\"avia_inline_auto\" id=\"style-css-av-l018tabx-397167e4d7fa2109f9d49384202bcbb1\">\n#top .av-special-heading.av-l018tabx-397167e4d7fa2109f9d49384202bcbb1{\npadding-bottom:10px;\n}\nbody .av-special-heading.av-l018tabx-397167e4d7fa2109f9d49384202bcbb1 .av-special-heading-tag .heading-char{\nfont-size:25px;\n}\n.av-special-heading.av-l018tabx-397167e4d7fa2109f9d49384202bcbb1 .av-subheading{\nfont-size:15px;\n}\n<\/style>\n<div  class='av-special-heading av-l018tabx-397167e4d7fa2109f9d49384202bcbb1 av-special-heading-h3  avia-builder-el-3  el_before_av_hr  avia-builder-el-first '><h3 class='av-special-heading-tag'  itemprop=\"headline\"  >Dott. Valentin Oberhollenzer<\/h3><div class=\"special-heading-border\"><div class=\"special-heading-inner-border\"><\/div><\/div><\/div><br \/>\n<div  class='hr av-am6la-145c1c8ff4b86de384de4169d8e52ba8 hr-default  avia-builder-el-4  el_after_av_heading  el_before_av_textblock '><span class='hr-inner '><span class=\"hr-inner-style\"><\/span><\/span><\/div><br \/>\n<section  class='av_textblock_section av-l018ubvi-f7345c6931452b5cebfc925e974a8c82'  itemscope=\"itemscope\" itemtype=\"https:\/\/schema.org\/CreativeWork\" ><div class='avia_textblock'  itemprop=\"text\" ><p>Classe 1985, Laurea in Economia e Commercio a Innsbruck. Dal 2013, previo conseguimento dell\u2019Esame di Stato a Trento, \u00e8 iscritto all\u2019Ordine dei Dottori Commercialisti e nel Registro dei Revisori Legali<\/p>\n<p>Il Dott. Valentin Oberhollenzer offre consulenza alle ditte individuali, a liberi professionisti e societ\u00e0 di capitali. \u00c8 Revisore Legale di vari enti pubblici e membro del collegio sindacale di diverse societ\u00e0. E&#8217; inoltre iscritto nel Registro Provinciale dei Revisori degli Enti Cooperativi della Provincia Autonoma di Bolzano.<\/p>\n<p>Egli si occupa prevalentemente di consulenza nelle seguenti aree specialistiche.<\/p>\n<ul>\n<li>Diritto contrattuale e societario<\/li>\n<li>Consulenza finanziaria e negoziazioni con le banche<\/li>\n<li>Diritto tributario nazionale<\/li>\n<li>Bilanci e analisi di bilancio<\/li>\n<li>Transazioni societarie e valutazioni di aziende<\/li>\n<\/ul>\n<p>Tel.: +39 0474 646 170<\/p>\n<p>E-Mail: <a href=\"mailto:valentin.oberhollenzer@movo.bz\" target=\"_blank\" rel=\"noopener\">valentin.oberhollenzer@movo.bz<\/a><\/p>\n<\/div><\/section><\/p><\/div>\n","protected":false},"excerpt":{"rendered":"","protected":false},"author":1,"featured_media":0,"parent":0,"menu_order":0,"comment_status":"closed","ping_status":"closed","template":"","meta":{"footnotes":""},"yoast_head":"<!-- This site is optimized with the Yoast SEO plugin v23.4 - https:\/\/yoast.com\/wordpress\/plugins\/seo\/ -->\n<title>Dott. Valentin Oberhollenzer - Movo Wirtschaftsberater Steuerberater Bruneck<\/title>\n<meta name=\"robots\" content=\"index, follow, max-snippet:-1, max-image-preview:large, max-video-preview:-1\" \/>\n<link rel=\"canonical\" href=\"https:\/\/www.movo.bz\/it\/dott-valentin-oberhollenzer\/\" \/>\n<meta property=\"og:locale\" content=\"it_IT\" \/>\n<meta property=\"og:type\" content=\"article\" \/>\n<meta property=\"og:title\" content=\"Dott. Valentin Oberhollenzer - Movo Wirtschaftsberater Steuerberater Bruneck\" \/>\n<meta property=\"og:url\" content=\"https:\/\/www.movo.bz\/it\/dott-valentin-oberhollenzer\/\" \/>\n<meta property=\"og:site_name\" content=\"Movo Wirtschaftsberater Steuerberater Bruneck\" \/>\n<meta property=\"article:modified_time\" content=\"2022-10-12T13:48:22+00:00\" \/>\n<meta name=\"twitter:card\" content=\"summary_large_image\" \/>\n<meta name=\"twitter:label1\" content=\"Tempo di lettura stimato\" \/>\n\t<meta name=\"twitter:data1\" content=\"2 minuti\" \/>\n<script type=\"application\/ld+json\" class=\"yoast-schema-graph\">{\"@context\":\"https:\/\/schema.org\",\"@graph\":[{\"@type\":\"WebPage\",\"@id\":\"https:\/\/www.movo.bz\/it\/dott-valentin-oberhollenzer\/\",\"url\":\"https:\/\/www.movo.bz\/it\/dott-valentin-oberhollenzer\/\",\"name\":\"Dott. Valentin Oberhollenzer - Movo Wirtschaftsberater Steuerberater Bruneck\",\"isPartOf\":{\"@id\":\"https:\/\/www.movo.bz\/#website\"},\"datePublished\":\"2022-02-24T17:12:51+00:00\",\"dateModified\":\"2022-10-12T13:48:22+00:00\",\"breadcrumb\":{\"@id\":\"https:\/\/www.movo.bz\/it\/dott-valentin-oberhollenzer\/#breadcrumb\"},\"inLanguage\":\"it-IT\",\"potentialAction\":[{\"@type\":\"ReadAction\",\"target\":[\"https:\/\/www.movo.bz\/it\/dott-valentin-oberhollenzer\/\"]}]},{\"@type\":\"BreadcrumbList\",\"@id\":\"https:\/\/www.movo.bz\/it\/dott-valentin-oberhollenzer\/#breadcrumb\",\"itemListElement\":[{\"@type\":\"ListItem\",\"position\":1,\"name\":\"Startseite\",\"item\":\"https:\/\/www.movo.bz\/it\/home\/\"},{\"@type\":\"ListItem\",\"position\":2,\"name\":\"Dott. Valentin Oberhollenzer\"}]},{\"@type\":\"WebSite\",\"@id\":\"https:\/\/www.movo.bz\/#website\",\"url\":\"https:\/\/www.movo.bz\/\",\"name\":\"Movo Wirtschaftsberater Steuerberater Bruneck\",\"description\":\"Dr. Martin Oberhammer | Dr. Valentin Oberhollenzer\",\"publisher\":{\"@id\":\"https:\/\/www.movo.bz\/#organization\"},\"potentialAction\":[{\"@type\":\"SearchAction\",\"target\":{\"@type\":\"EntryPoint\",\"urlTemplate\":\"https:\/\/www.movo.bz\/?s={search_term_string}\"},\"query-input\":{\"@type\":\"PropertyValueSpecification\",\"valueRequired\":true,\"valueName\":\"search_term_string\"}}],\"inLanguage\":\"it-IT\"},{\"@type\":\"Organization\",\"@id\":\"https:\/\/www.movo.bz\/#organization\",\"name\":\"Movo Wirtschaftsberater Steuerberater Bruneck\",\"url\":\"https:\/\/www.movo.bz\/\",\"logo\":{\"@type\":\"ImageObject\",\"inLanguage\":\"it-IT\",\"@id\":\"https:\/\/www.movo.bz\/#\/schema\/logo\/image\/\",\"url\":\"https:\/\/www.movo.bz\/wp-content\/uploads\/2021\/09\/Movo_logo_gruen_500.png\",\"contentUrl\":\"https:\/\/www.movo.bz\/wp-content\/uploads\/2021\/09\/Movo_logo_gruen_500.png\",\"width\":500,\"height\":133,\"caption\":\"Movo Wirtschaftsberater Steuerberater Bruneck\"},\"image\":{\"@id\":\"https:\/\/www.movo.bz\/#\/schema\/logo\/image\/\"}}]}<\/script>\n<!-- \/ Yoast SEO plugin. -->","yoast_head_json":{"title":"Dott. Valentin Oberhollenzer - Movo Wirtschaftsberater Steuerberater Bruneck","robots":{"index":"index","follow":"follow","max-snippet":"max-snippet:-1","max-image-preview":"max-image-preview:large","max-video-preview":"max-video-preview:-1"},"canonical":"https:\/\/www.movo.bz\/it\/dott-valentin-oberhollenzer\/","og_locale":"it_IT","og_type":"article","og_title":"Dott. Valentin Oberhollenzer - Movo Wirtschaftsberater Steuerberater Bruneck","og_url":"https:\/\/www.movo.bz\/it\/dott-valentin-oberhollenzer\/","og_site_name":"Movo Wirtschaftsberater Steuerberater Bruneck","article_modified_time":"2022-10-12T13:48:22+00:00","twitter_card":"summary_large_image","twitter_misc":{"Tempo di lettura stimato":"2 minuti"},"schema":{"@context":"https:\/\/schema.org","@graph":[{"@type":"WebPage","@id":"https:\/\/www.movo.bz\/it\/dott-valentin-oberhollenzer\/","url":"https:\/\/www.movo.bz\/it\/dott-valentin-oberhollenzer\/","name":"Dott. Valentin Oberhollenzer - Movo Wirtschaftsberater Steuerberater Bruneck","isPartOf":{"@id":"https:\/\/www.movo.bz\/#website"},"datePublished":"2022-02-24T17:12:51+00:00","dateModified":"2022-10-12T13:48:22+00:00","breadcrumb":{"@id":"https:\/\/www.movo.bz\/it\/dott-valentin-oberhollenzer\/#breadcrumb"},"inLanguage":"it-IT","potentialAction":[{"@type":"ReadAction","target":["https:\/\/www.movo.bz\/it\/dott-valentin-oberhollenzer\/"]}]},{"@type":"BreadcrumbList","@id":"https:\/\/www.movo.bz\/it\/dott-valentin-oberhollenzer\/#breadcrumb","itemListElement":[{"@type":"ListItem","position":1,"name":"Startseite","item":"https:\/\/www.movo.bz\/it\/home\/"},{"@type":"ListItem","position":2,"name":"Dott. Valentin Oberhollenzer"}]},{"@type":"WebSite","@id":"https:\/\/www.movo.bz\/#website","url":"https:\/\/www.movo.bz\/","name":"Movo Wirtschaftsberater Steuerberater Bruneck","description":"Dr. Martin Oberhammer | Dr. Valentin Oberhollenzer","publisher":{"@id":"https:\/\/www.movo.bz\/#organization"},"potentialAction":[{"@type":"SearchAction","target":{"@type":"EntryPoint","urlTemplate":"https:\/\/www.movo.bz\/?s={search_term_string}"},"query-input":{"@type":"PropertyValueSpecification","valueRequired":true,"valueName":"search_term_string"}}],"inLanguage":"it-IT"},{"@type":"Organization","@id":"https:\/\/www.movo.bz\/#organization","name":"Movo Wirtschaftsberater Steuerberater Bruneck","url":"https:\/\/www.movo.bz\/","logo":{"@type":"ImageObject","inLanguage":"it-IT","@id":"https:\/\/www.movo.bz\/#\/schema\/logo\/image\/","url":"https:\/\/www.movo.bz\/wp-content\/uploads\/2021\/09\/Movo_logo_gruen_500.png","contentUrl":"https:\/\/www.movo.bz\/wp-content\/uploads\/2021\/09\/Movo_logo_gruen_500.png","width":500,"height":133,"caption":"Movo Wirtschaftsberater Steuerberater Bruneck"},"image":{"@id":"https:\/\/www.movo.bz\/#\/schema\/logo\/image\/"}}]}},"_links":{"self":[{"href":"https:\/\/www.movo.bz\/it\/wp-json\/wp\/v2\/pages\/578"}],"collection":[{"href":"https:\/\/www.movo.bz\/it\/wp-json\/wp\/v2\/pages"}],"about":[{"href":"https:\/\/www.movo.bz\/it\/wp-json\/wp\/v2\/types\/page"}],"author":[{"embeddable":true,"href":"https:\/\/www.movo.bz\/it\/wp-json\/wp\/v2\/users\/1"}],"replies":[{"embeddable":true,"href":"https:\/\/www.movo.bz\/it\/wp-json\/wp\/v2\/comments?post=578"}],"version-history":[{"count":15,"href":"https:\/\/www.movo.bz\/it\/wp-json\/wp\/v2\/pages\/578\/revisions"}],"predecessor-version":[{"id":834,"href":"https:\/\/www.movo.bz\/it\/wp-json\/wp\/v2\/pages\/578\/revisions\/834"}],"wp:attachment":[{"href":"https:\/\/www.movo.bz\/it\/wp-json\/wp\/v2\/media?parent=578"}],"curies":[{"name":"wp","href":"https:\/\/api.w.org\/{rel}","templated":true}]}}