{"id":690,"date":"2022-02-24T15:08:54","date_gmt":"2022-02-24T14:08:54","guid":{"rendered":"https:\/\/www.movo.bz\/prestaziuns\/"},"modified":"2022-10-12T17:04:34","modified_gmt":"2022-10-12T15:04:34","slug":"prestaziuns","status":"publish","type":"page","link":"https:\/\/www.movo.bz\/lad\/prestaziuns\/","title":{"rendered":"Prestaziuns"},"content":{"rendered":"<div id='full_slider_1'  class='avia-fullwidth-slider main_color avia-shadow   avia-builder-el-0  el_before_av_three_fourth  avia-builder-el-first   container_wrap sidebar_right'  ><div  class='avia-slideshow av-l0194ifw-eb3fa2068b3bc3647d1c2a33dae4d1a6 avia-slideshow-featured_large av_slideshow_full avia-fade-slider av-slideshow-ui av-control-default av-slideshow-autoplay av-loop-endless av-loop-manual-endless av-default-height-applied   avia-slideshow-1' data-slideshow-options=\"{&quot;animation&quot;:&quot;fade&quot;,&quot;autoplay&quot;:true,&quot;loop_autoplay&quot;:&quot;endless&quot;,&quot;interval&quot;:5,&quot;loop_manual&quot;:&quot;manual-endless&quot;,&quot;autoplay_stopper&quot;:false,&quot;noNavigation&quot;:false,&quot;bg_slider&quot;:false,&quot;keep_padding&quot;:false,&quot;hoverpause&quot;:false,&quot;show_slide_delay&quot;:0}\"  itemprop=\"image\" itemscope=\"itemscope\" itemtype=\"https:\/\/schema.org\/ImageObject\" ><ul class='avia-slideshow-inner ' style='padding-bottom: 46.120058565154%;'><li  class='avia-slideshow-slide av-l0194ifw-eb3fa2068b3bc3647d1c2a33dae4d1a6__0  slide-1 slide-odd'><div data-rel='slideshow-1' class='avia-slide-wrap '   ><img decoding=\"async\" class=\"wp-image-494 avia-img-lazy-loading-not-494\"  src=\"https:\/\/www.movo.bz\/wp-content\/uploads\/2022\/03\/IMG_5638_korr-1366x630.jpg\" width=\"1366\" height=\"630\" title='Buero' alt='Movo Bruneck - Eingang B\u00fcro'  itemprop=\"thumbnailUrl\"   \/><\/div><\/li><li  class='avia-slideshow-slide av-l0194ifw-eb3fa2068b3bc3647d1c2a33dae4d1a6__1  slide-2 slide-even'><div data-rel='slideshow-1' class='avia-slide-wrap '   ><img decoding=\"async\" class=\"wp-image-482 avia-img-lazy-loading-not-482\"  src=\"https:\/\/www.movo.bz\/wp-content\/uploads\/2022\/03\/IMG_5609a-1366x630.jpg\" width=\"1366\" height=\"630\" title='B\u00fcro MOVO' alt=''  itemprop=\"thumbnailUrl\"   \/><\/div><\/li><\/ul><div class='avia-slideshow-arrows avia-slideshow-controls' ><a href='#prev' class='prev-slide ' aria-hidden='true' data-av_icon='\ue87c' data-av_iconfont='entypo-fontello'  tabindex='-1'>Previous<\/a><a href='#next' class='next-slide ' aria-hidden='true' data-av_icon='\ue87d' data-av_iconfont='entypo-fontello'  tabindex='-1'>Next<\/a><\/div><div class='avia-slideshow-dots avia-slideshow-controls'><a href='#1' class='goto-slide active' >1<\/a><a href='#2' class='goto-slide ' >2<\/a><\/div><\/div><\/div><div id='after_full_slider_1'  class='main_color av_default_container_wrap container_wrap sidebar_right'  ><div class='container av-section-cont-open' ><div class='template-page content  av-content-small alpha units'><div class='post-entry post-entry-type-page post-entry-690'><div class='entry-content-wrapper clearfix'>\n\n<style type=\"text\/css\" data-created_by=\"avia_inline_auto\" id=\"style-css-av-36d6o-eefd33eaa0b92c05d65eab7b9f654568\">\n.flex_column.av-36d6o-eefd33eaa0b92c05d65eab7b9f654568{\n-webkit-border-radius:0px 0px 0px 0px;\n-moz-border-radius:0px 0px 0px 0px;\nborder-radius:0px 0px 0px 0px;\npadding:0px 0px 0px 0px;\n}\n<\/style>\n<div class='flex_column av-36d6o-eefd33eaa0b92c05d65eab7b9f654568 av_three_fourth  avia-builder-el-1  el_after_av_slideshow_full  el_before_av_one_half  avia-builder-el-first  first flex_column_div av-zero-column-padding '     ><p>\n<style type=\"text\/css\" data-created_by=\"avia_inline_auto\" id=\"style-css-av-l0195fzg-b413c116557105a9a849129abf35ed8b\">\n#top .av-special-heading.av-l0195fzg-b413c116557105a9a849129abf35ed8b{\npadding-bottom:10px;\n}\nbody .av-special-heading.av-l0195fzg-b413c116557105a9a849129abf35ed8b .av-special-heading-tag .heading-char{\nfont-size:25px;\n}\n.av-special-heading.av-l0195fzg-b413c116557105a9a849129abf35ed8b .av-subheading{\nfont-size:15px;\n}\n<\/style>\n<div  class='av-special-heading av-l0195fzg-b413c116557105a9a849129abf35ed8b av-special-heading-h2  avia-builder-el-2  el_before_av_textblock  avia-builder-el-first '><h2 class='av-special-heading-tag'  itemprop=\"headline\"  >Prestaziuns<\/h2><div class=\"special-heading-border\"><div class=\"special-heading-inner-border\"><\/div><\/div><\/div><br \/>\n<section  class='av_textblock_section av-l0197rwy-09cedfa92c6378041ed3e4dbe0ff9957'  itemscope=\"itemscope\" itemtype=\"https:\/\/schema.org\/CreativeWork\" ><div class='avia_textblock'  itemprop=\"text\" ><p>Ves pitun n sorvisc complet, mantignon n dialogh y n confrunt costant. Nostes prestaziuns reverda en particolar chisc seturs.<\/p>\n<\/div><\/section><\/p><\/div>\n\n<style type=\"text\/css\" data-created_by=\"avia_inline_auto\" id=\"style-css-av-p5do-2d9d760e4c4888f95b2bd11727342e5b\">\n.flex_column.av-p5do-2d9d760e4c4888f95b2bd11727342e5b{\n-webkit-border-radius:0px 0px 0px 0px;\n-moz-border-radius:0px 0px 0px 0px;\nborder-radius:0px 0px 0px 0px;\npadding:0px 0px 0px 0px;\n}\n<\/style>\n<div class='flex_column av-p5do-2d9d760e4c4888f95b2bd11727342e5b av_one_half  avia-builder-el-4  el_after_av_three_fourth  avia-builder-el-last  first flex_column_div av-zero-column-padding column-top-margin'     ><div  class='togglecontainer av-l0i7gcml-e798a899e6f1e7ee98926f5bf023b7f4 av-minimal-toggle  avia-builder-el-5  avia-builder-el-no-sibling ' >\n<section class='av_toggle_section av-l0i7g9fv-917bca09d3b1742634128aac9d7ba060'  itemscope=\"itemscope\" itemtype=\"https:\/\/schema.org\/CreativeWork\" ><div role=\"tablist\" class=\"single_toggle\" data-tags=\"{All} \"  ><p data-fake-id='#toggle-id-1' class='toggler   '  itemprop=\"headline\"  role='tab' tabindex='0' aria-controls='toggle-id-1'>Consul\u00ebnza aziendala<span class=\"toggle_icon\"><span class=\"vert_icon\"><\/span><span class=\"hor_icon\"><\/span><\/span><\/p><div id='toggle-id-1' class='toggle_wrap  '  ><div class='toggle_content invers-color '  itemprop=\"text\" ><ul>\n<li>Costituziun de dites\/soziet\u00e9s<\/li>\n<li>Elaboraziun de businessplan<\/li>\n<li>Otimisaziun dla rentabilit\u00e9<\/li>\n<li>Otimisaziun dla rentabilit\u00e9<\/li>\n<li>Valutaziun di investim\u00ebn\u0107<\/li>\n<li>&#8230;<\/li>\n<li>Domandes de contribut<\/li>\n<\/ul>\n<\/div><\/div><\/div><\/section>\n<section class='av_toggle_section av-l0i7fzgs-ba6ae8cd4470bb8969a661d6fec69dc5'  itemscope=\"itemscope\" itemtype=\"https:\/\/schema.org\/CreativeWork\" ><div role=\"tablist\" class=\"single_toggle\" data-tags=\"{All} \"  ><p data-fake-id='#toggle-id-2' class='toggler   '  itemprop=\"headline\"  role='tab' tabindex='0' aria-controls='toggle-id-2'>Consul\u00ebnza fiscala<span class=\"toggle_icon\"><span class=\"vert_icon\"><\/span><span class=\"hor_icon\"><\/span><\/span><\/p><div id='toggle-id-2' class='toggle_wrap  '  ><div class='toggle_content invers-color '  itemprop=\"text\" ><ul>\n<li>Detlaraziuns fiscales<\/li>\n<li>Detlaraziuns Iva<\/li>\n<li>Assist\u00ebnza y consul\u00ebnza te fases de<\/li>\n<li>contestaziuns tributares<\/li>\n<li>Otimisaziun dles cutes<\/li>\n<\/ul>\n<\/div><\/div><\/div><\/section>\n<section class='av_toggle_section av-l0i7j3im-ef8a8e7574ea9cded0f9c67360dae5a1'  itemscope=\"itemscope\" itemtype=\"https:\/\/schema.org\/CreativeWork\" ><div role=\"tablist\" class=\"single_toggle\" data-tags=\"{All} \"  ><p data-fake-id='#toggle-id-3' class='toggler   '  itemprop=\"headline\"  role='tab' tabindex='0' aria-controls='toggle-id-3'>Contabilit\u00e9 y bilanz<span class=\"toggle_icon\"><span class=\"vert_icon\"><\/span><span class=\"hor_icon\"><\/span><\/span><\/p><div id='toggle-id-3' class='toggle_wrap  '  ><div class='toggle_content invers-color '  itemprop=\"text\" ><ul>\n<li>Tignida y gestiun dla contabilit\u00e9<\/li>\n<li>Detlaraziuns Intrastat<\/li>\n<li>Detlaraziuns periodiches Agenzia dles Entrate (\u201eLIPE\u201c, \u201eEsterometro\u201c, \u201eISA\u201c)<\/li>\n<li>Redaziun de bilanc Anlagebuchf\u00fchrung, Bilanzhinterlegung<\/li>\n<li>Analises de bilanz<\/li>\n<li>Elektronische \u00dcbermittlungen von Meldungen und Einzahlungen<\/li>\n<li>Hilfe bei Fragen bzgl. MwSt-Absetzbarkeit und Kontenzuordnung<\/li>\n<\/ul>\n<\/div><\/div><\/div><\/section>\n<section class='av_toggle_section av-l0i7k6r1-ee9ca9ed5f5e4a618d46ec61008c3990'  itemscope=\"itemscope\" itemtype=\"https:\/\/schema.org\/CreativeWork\" ><div role=\"tablist\" class=\"single_toggle\" data-tags=\"{All} \"  ><p data-fake-id='#toggle-id-4' class='toggler   '  itemprop=\"headline\"  role='tab' tabindex='0' aria-controls='toggle-id-4'>Vertrags- und Gesellschaftsrecht<span class=\"toggle_icon\"><span class=\"vert_icon\"><\/span><span class=\"hor_icon\"><\/span><\/span><\/p><div id='toggle-id-4' class='toggle_wrap  '  ><div class='toggle_content invers-color '  itemprop=\"text\" ><ul>\n<li>Contrac de cumpra y ven\u00fcda<\/li>\n<li>Contrac de locaziun y de afit de azi\u00ebnda<\/li>\n<li>Contrac de donaziun<\/li>\n<li>Contrac de apalt<\/li>\n<li>Consul\u00ebnza por operiaziuns straordinaries (trasformaziuns, zesciun d\u2019azi\u00ebndes, conferim\u00ebnc, fujiuns, despartiziuns)<\/li>\n<li>Aufl\u00f6sung und Liquidierung des Unternehmens<\/li>\n<\/ul>\n<\/div><\/div><\/div><\/section>\n<section class='av_toggle_section av-l0i7jh72-5e35ce9e7d19aa105b1fa58ece069fbe'  itemscope=\"itemscope\" itemtype=\"https:\/\/schema.org\/CreativeWork\" ><div role=\"tablist\" class=\"single_toggle\" data-tags=\"{All} \"  ><p data-fake-id='#toggle-id-5' class='toggler   '  itemprop=\"headline\"  role='tab' tabindex='0' aria-controls='toggle-id-5'>D\u00ebrc de sozesciun<span class=\"toggle_icon\"><span class=\"vert_icon\"><\/span><span class=\"hor_icon\"><\/span><\/span><\/p><div id='toggle-id-5' class='toggle_wrap  '  ><div class='toggle_content invers-color '  itemprop=\"text\" ><ul>\n<li>Redaziun de testam\u00ebnt<\/li>\n<li>Detlaraziuns de sozesciun<\/li>\n<li>Erbscheine<\/li>\n<li>Acordanzes de familia<\/li>\n<li>Comunicaziuns al Liber Fondiar e Catastal<\/li>\n<\/ul>\n<\/div><\/div><\/div><\/section>\n<section class='av_toggle_section av-l0i7jqjz-b6a8f1cd55377ee5c77c307ace370371'  itemscope=\"itemscope\" itemtype=\"https:\/\/schema.org\/CreativeWork\" ><div role=\"tablist\" class=\"single_toggle\" data-tags=\"{All} \"  ><p data-fake-id='#toggle-id-6' class='toggler   '  itemprop=\"headline\"  role='tab' tabindex='0' aria-controls='toggle-id-6'>Revisiun legala<span class=\"toggle_icon\"><span class=\"vert_icon\"><\/span><span class=\"hor_icon\"><\/span><\/span><\/p><div id='toggle-id-6' class='toggle_wrap  '  ><div class='toggle_content invers-color '  itemprop=\"text\" ><ul>\n<li>Rechnungspr\u00fcfer von \u00f6ffentlichen K\u00f6rperschaften<\/li>\n<li>Mitglieder im Aufsichtsrat von Gesellschaften<\/li>\n<li>Gesetzliche und freiwillige Pr\u00fcfung<\/li>\n<li>Sonderpr\u00fcfung bei Einbringung, Verschmelzung und Spaltung<\/li>\n<li>Wirtschaftlichkeitspr\u00fcfung<\/li>\n<\/ul>\n<\/div><\/div><\/div><\/section>\n<section class='av_toggle_section av-l0i7fmrn-a2f0df0ce921f447f1fbe77208086119'  itemscope=\"itemscope\" itemtype=\"https:\/\/schema.org\/CreativeWork\" ><div role=\"tablist\" class=\"single_toggle\" data-tags=\"{All} \"  ><p data-fake-id='#toggle-id-7' class='toggler   '  itemprop=\"headline\"  role='tab' tabindex='0' aria-controls='toggle-id-7'>Dites internazionales<span class=\"toggle_icon\"><span class=\"vert_icon\"><\/span><span class=\"hor_icon\"><\/span><\/span><\/p><div id='toggle-id-7' class='toggle_wrap  '  ><div class='toggle_content invers-color '  itemprop=\"text\" ><ul>\n<li>Costituziun de soziet\u00e9s filiales da foradec\u00e1 cun s\u00ebnta tla Talia<\/li>\n<li>Umsatzsteuerregistrierung in Italien f\u00fcr Unternehmen mit Sitz im Ausland<\/li>\n<li>Consul\u00ebnza e ademplim\u00ebnc pur dites internazionales<\/li>\n<li>E-commerce<\/li>\n<li>Entsendung Mitarbeiter\/Arbeitnehmer nach Italien<\/li>\n<\/ul>\n<\/div><\/div><\/div><\/section>\n<\/div><\/div>\n","protected":false},"excerpt":{"rendered":"","protected":false},"author":1,"featured_media":0,"parent":0,"menu_order":0,"comment_status":"closed","ping_status":"closed","template":"","meta":{"footnotes":""},"yoast_head":"<!-- This site is optimized with the Yoast SEO plugin v23.4 - https:\/\/yoast.com\/wordpress\/plugins\/seo\/ -->\n<title>Prestaziuns - Movo Wirtschaftsberater Steuerberater Bruneck<\/title>\n<meta name=\"robots\" content=\"index, follow, max-snippet:-1, max-image-preview:large, max-video-preview:-1\" \/>\n<link rel=\"canonical\" href=\"https:\/\/www.movo.bz\/lad\/prestaziuns\/\" \/>\n<meta property=\"og:locale\" content=\"en_US\" \/>\n<meta property=\"og:type\" content=\"article\" \/>\n<meta property=\"og:title\" content=\"Prestaziuns - Movo Wirtschaftsberater Steuerberater Bruneck\" \/>\n<meta property=\"og:url\" content=\"https:\/\/www.movo.bz\/lad\/prestaziuns\/\" \/>\n<meta property=\"og:site_name\" content=\"Movo Wirtschaftsberater Steuerberater Bruneck\" \/>\n<meta property=\"article:modified_time\" content=\"2022-10-12T15:04:34+00:00\" \/>\n<meta name=\"twitter:card\" content=\"summary_large_image\" \/>\n<meta name=\"twitter:label1\" content=\"Est. reading time\" \/>\n\t<meta name=\"twitter:data1\" content=\"3 minutes\" \/>\n<script type=\"application\/ld+json\" class=\"yoast-schema-graph\">{\"@context\":\"https:\/\/schema.org\",\"@graph\":[{\"@type\":\"WebPage\",\"@id\":\"https:\/\/www.movo.bz\/lad\/prestaziuns\/\",\"url\":\"https:\/\/www.movo.bz\/lad\/prestaziuns\/\",\"name\":\"Prestaziuns - Movo Wirtschaftsberater Steuerberater Bruneck\",\"isPartOf\":{\"@id\":\"https:\/\/www.movo.bz\/#website\"},\"datePublished\":\"2022-02-24T14:08:54+00:00\",\"dateModified\":\"2022-10-12T15:04:34+00:00\",\"breadcrumb\":{\"@id\":\"https:\/\/www.movo.bz\/lad\/prestaziuns\/#breadcrumb\"},\"inLanguage\":\"la-LA\",\"potentialAction\":[{\"@type\":\"ReadAction\",\"target\":[\"https:\/\/www.movo.bz\/lad\/prestaziuns\/\"]}]},{\"@type\":\"BreadcrumbList\",\"@id\":\"https:\/\/www.movo.bz\/lad\/prestaziuns\/#breadcrumb\",\"itemListElement\":[{\"@type\":\"ListItem\",\"position\":1,\"name\":\"Startseite\",\"item\":\"https:\/\/www.movo.bz\/home\/\"},{\"@type\":\"ListItem\",\"position\":2,\"name\":\"Prestaziuns\"}]},{\"@type\":\"WebSite\",\"@id\":\"https:\/\/www.movo.bz\/#website\",\"url\":\"https:\/\/www.movo.bz\/\",\"name\":\"Movo Wirtschaftsberater Steuerberater Bruneck\",\"description\":\"Dr. Martin Oberhammer | Dr. Valentin Oberhollenzer\",\"publisher\":{\"@id\":\"https:\/\/www.movo.bz\/#organization\"},\"potentialAction\":[{\"@type\":\"SearchAction\",\"target\":{\"@type\":\"EntryPoint\",\"urlTemplate\":\"https:\/\/www.movo.bz\/?s={search_term_string}\"},\"query-input\":{\"@type\":\"PropertyValueSpecification\",\"valueRequired\":true,\"valueName\":\"search_term_string\"}}],\"inLanguage\":\"la-LA\"},{\"@type\":\"Organization\",\"@id\":\"https:\/\/www.movo.bz\/#organization\",\"name\":\"Movo Wirtschaftsberater Steuerberater Bruneck\",\"url\":\"https:\/\/www.movo.bz\/\",\"logo\":{\"@type\":\"ImageObject\",\"inLanguage\":\"la-LA\",\"@id\":\"https:\/\/www.movo.bz\/#\/schema\/logo\/image\/\",\"url\":\"https:\/\/www.movo.bz\/wp-content\/uploads\/2021\/09\/Movo_logo_gruen_500.png\",\"contentUrl\":\"https:\/\/www.movo.bz\/wp-content\/uploads\/2021\/09\/Movo_logo_gruen_500.png\",\"width\":500,\"height\":133,\"caption\":\"Movo Wirtschaftsberater Steuerberater Bruneck\"},\"image\":{\"@id\":\"https:\/\/www.movo.bz\/#\/schema\/logo\/image\/\"}}]}<\/script>\n<!-- \/ Yoast SEO plugin. -->","yoast_head_json":{"title":"Prestaziuns - Movo Wirtschaftsberater Steuerberater Bruneck","robots":{"index":"index","follow":"follow","max-snippet":"max-snippet:-1","max-image-preview":"max-image-preview:large","max-video-preview":"max-video-preview:-1"},"canonical":"https:\/\/www.movo.bz\/lad\/prestaziuns\/","og_locale":"en_US","og_type":"article","og_title":"Prestaziuns - Movo Wirtschaftsberater Steuerberater Bruneck","og_url":"https:\/\/www.movo.bz\/lad\/prestaziuns\/","og_site_name":"Movo Wirtschaftsberater Steuerberater Bruneck","article_modified_time":"2022-10-12T15:04:34+00:00","twitter_card":"summary_large_image","twitter_misc":{"Est. reading time":"3 minutes"},"schema":{"@context":"https:\/\/schema.org","@graph":[{"@type":"WebPage","@id":"https:\/\/www.movo.bz\/lad\/prestaziuns\/","url":"https:\/\/www.movo.bz\/lad\/prestaziuns\/","name":"Prestaziuns - Movo Wirtschaftsberater Steuerberater Bruneck","isPartOf":{"@id":"https:\/\/www.movo.bz\/#website"},"datePublished":"2022-02-24T14:08:54+00:00","dateModified":"2022-10-12T15:04:34+00:00","breadcrumb":{"@id":"https:\/\/www.movo.bz\/lad\/prestaziuns\/#breadcrumb"},"inLanguage":"la-LA","potentialAction":[{"@type":"ReadAction","target":["https:\/\/www.movo.bz\/lad\/prestaziuns\/"]}]},{"@type":"BreadcrumbList","@id":"https:\/\/www.movo.bz\/lad\/prestaziuns\/#breadcrumb","itemListElement":[{"@type":"ListItem","position":1,"name":"Startseite","item":"https:\/\/www.movo.bz\/home\/"},{"@type":"ListItem","position":2,"name":"Prestaziuns"}]},{"@type":"WebSite","@id":"https:\/\/www.movo.bz\/#website","url":"https:\/\/www.movo.bz\/","name":"Movo Wirtschaftsberater Steuerberater Bruneck","description":"Dr. Martin Oberhammer | Dr. Valentin Oberhollenzer","publisher":{"@id":"https:\/\/www.movo.bz\/#organization"},"potentialAction":[{"@type":"SearchAction","target":{"@type":"EntryPoint","urlTemplate":"https:\/\/www.movo.bz\/?s={search_term_string}"},"query-input":{"@type":"PropertyValueSpecification","valueRequired":true,"valueName":"search_term_string"}}],"inLanguage":"la-LA"},{"@type":"Organization","@id":"https:\/\/www.movo.bz\/#organization","name":"Movo Wirtschaftsberater Steuerberater Bruneck","url":"https:\/\/www.movo.bz\/","logo":{"@type":"ImageObject","inLanguage":"la-LA","@id":"https:\/\/www.movo.bz\/#\/schema\/logo\/image\/","url":"https:\/\/www.movo.bz\/wp-content\/uploads\/2021\/09\/Movo_logo_gruen_500.png","contentUrl":"https:\/\/www.movo.bz\/wp-content\/uploads\/2021\/09\/Movo_logo_gruen_500.png","width":500,"height":133,"caption":"Movo Wirtschaftsberater Steuerberater Bruneck"},"image":{"@id":"https:\/\/www.movo.bz\/#\/schema\/logo\/image\/"}}]}},"_links":{"self":[{"href":"https:\/\/www.movo.bz\/lad\/wp-json\/wp\/v2\/pages\/690"}],"collection":[{"href":"https:\/\/www.movo.bz\/lad\/wp-json\/wp\/v2\/pages"}],"about":[{"href":"https:\/\/www.movo.bz\/lad\/wp-json\/wp\/v2\/types\/page"}],"author":[{"embeddable":true,"href":"https:\/\/www.movo.bz\/lad\/wp-json\/wp\/v2\/users\/1"}],"replies":[{"embeddable":true,"href":"https:\/\/www.movo.bz\/lad\/wp-json\/wp\/v2\/comments?post=690"}],"version-history":[{"count":23,"href":"https:\/\/www.movo.bz\/lad\/wp-json\/wp\/v2\/pages\/690\/revisions"}],"predecessor-version":[{"id":1128,"href":"https:\/\/www.movo.bz\/lad\/wp-json\/wp\/v2\/pages\/690\/revisions\/1128"}],"wp:attachment":[{"href":"https:\/\/www.movo.bz\/lad\/wp-json\/wp\/v2\/media?parent=690"}],"curies":[{"name":"wp","href":"https:\/\/api.w.org\/{rel}","templated":true}]}}